{"id":478,"date":"2024-10-18T10:53:03","date_gmt":"2024-10-18T10:53:03","guid":{"rendered":"https:\/\/localhost\/imovago-elementor\/?page_id=478"},"modified":"2024-10-18T17:23:53","modified_gmt":"2024-10-18T17:23:53","slug":"avaliar","status":"publish","type":"page","link":"https:\/\/temas.imovepro.com.br\/04\/avaliar\/","title":{"rendered":"Avaliar"},"content":{"rendered":"\t\t<div data-elementor-type=\"wp-page\" data-elementor-id=\"478\" class=\"elementor elementor-478\" data-elementor-post-type=\"page\">\n\t\t\t\t<div class=\"elementor-element elementor-element-b34f86c section-middle e-flex e-con-boxed e-con e-parent\" data-id=\"b34f86c\" data-element_type=\"container\">\n\t\t\t\t\t<div class=\"e-con-inner\">\n\t\t\t\t<div class=\"elementor-element elementor-element-1dbd0d9 elementor-widget elementor-widget-imovago_template_evaluate_widget\" data-id=\"1dbd0d9\" data-element_type=\"widget\" data-widget_type=\"imovago_template_evaluate_widget.default\">\n\t\t\t\t<div class=\"elementor-widget-container\">\n\t\t\t<section id=\"page-478-block\" class=\"template-evaluate--form\">\r\n\r\n\t<div class=\"form-001\">\r\n\t\t<form action=\"#\">\r\n\r\n\t\t\t<div class=\"row g-2\">\r\n\r\n\t\t\t\t<div class=\"d-none\">\r\n\t\t\t\t\t<input type=\"text\" id=\"name\" name=\"name\" placeholder=\"Nome\" autocomplete=\"off\" value=\"\">\r\n\t\t\t\t\t<input type=\"text\" id=\"email\" name=\"email\" placeholder=\"E-mail\" autocomplete=\"off\" value=\"\">\r\n\t\t\t\t\t<input type=\"text\" id=\"phone\" name=\"phone\" placeholder=\"Telefone\" autocomplete=\"off\" value=\"\">\r\n\t\t\t\t<\/div>\r\n\r\n\t\t\t\t<div class=\"col col-12 col-md-6\">\r\n\t\t\t\t\t<input class=\"form-001--field\" type=\"text\" id=\"imovago_name\" name=\"imovago_name\" placeholder=\"Nome\" autocomplete=\"off\">\r\n\t\t\t\t<\/div>\r\n\r\n\t\t\t\t<div class=\"col col-12 col-md-6\">\r\n\t\t\t\t\t<input class=\"form-001--field\" type=\"text\" id=\"imovago_email\" name=\"imovago_email\" placeholder=\"E-mail\" autocomplete=\"off\" >\r\n\t\t\t\t<\/div>\r\n\r\n\t\t\t\t<div class=\"col col-12 col-md-6\">\r\n\t\t\t\t\t<input class=\"form-001--field\" type=\"text\" id=\"imovago_phone\" name=\"imovago_phone\" placeholder=\"Telefone\" autocomplete=\"off\" >\r\n\t\t\t\t<\/div>\r\n\r\n\t\t\t\t<div class=\"col col-12 col-md-6\">\r\n\t\t\t\t\t<input class=\"form-001--field\" type=\"text\" id=\"imovago_whatsapp\" name=\"imovago_whatsapp\" placeholder=\"Whatsapp\" autocomplete=\"off\" >\r\n\t\t\t\t<\/div>\r\n\r\n\t\t\t\t<div class=\"col col-12 col-md-6\">\r\n\t\t\t\t\t<input class=\"form-001--field\" type=\"text\" id=\"imovago_state\" name=\"imovago_state\" placeholder=\"Estado\" autocomplete=\"off\" >\r\n\t\t\t\t<\/div>\r\n\r\n\t\t\t\t<div class=\"col col-12 col-md-6\">\r\n\t\t\t\t\t<input class=\"form-001--field\" type=\"text\" id=\"imovago_city\" name=\"imovago_city\" placeholder=\"Cidade\" autocomplete=\"off\" >\r\n\t\t\t\t<\/div>\r\n\r\n\t\t\t\t<div class=\"col col-12 col-md-6\">\r\n\r\n\t\t\t\t\t<select class=\"form-001--field\" name=\"imovago_type_of_negotiation\" id=\"imovago_type_of_negotiation\" required>\r\n\t\t\t\t\t\t<option value=\"\" disabled selected>Tipo de negocia\u00e7\u00e3o<\/option>\r\n\r\n\t\t\t\t\t\t\t\t\t\t\t\t\t\t\t\t\t\t<option value=\"Vendas\">Vendas<\/option>\r\n\t\t\t\t\t\t\t\t\t\t\t\t<option value=\"Aluguel\">Aluguel<\/option>\r\n\t\t\t\t\t\t\t\t\t\t\t\t<option value=\"Temporada\">Temporada<\/option>\r\n\t\t\t\t\t\t\t\t\t\t\t\t\t\t\t\t\t<\/select>\r\n\r\n\t\t\t\t<\/div>\r\n\r\n\t\t\t\t<div class=\"col col-12 col-md-6\">\r\n\r\n\t\t\t\t\t<select class=\"form-001--field\" name=\"imovago_property_type\" id=\"imovago_property_type\" required>\r\n\t\t\t\t\t\t<option value=\"\" disabled selected>Tipo de im\u00f3vel<\/option>\r\n\r\n\t\t\t\t\t\t\t\t\t\t\t\t\t\t\t\t\t\t<option value=\"Apartamento\">Apartamento<\/option>\r\n\t\t\t\t\t\t\t\t\t\t\t\t<option value=\"Casa\">Casa<\/option>\r\n\t\t\t\t\t\t\t\t\t\t\t\t<option value=\"Por\u00e3o\">Por\u00e3o<\/option>\r\n\t\t\t\t\t\t\t\t\t\t\t\t<option value=\"Terreno \/ Lote\">Terreno \/ Lote<\/option>\r\n\t\t\t\t\t\t\t\t\t\t\t\t\r\n\t\t\t\t\t<\/select>\r\n\r\n\t\t\t\t<\/div>\r\n\r\n\t\t\t\t<div class=\"col col-12\">\r\n\t\t\t\t\t<textarea class=\"form-001--textarea\" id=\"imovago_message\" name=\"imovago_message\" rows=\"10\" placeholder=\"Escreva sua mensagem\"><\/textarea>\r\n\t\t\t\t<\/div>\r\n\r\n\t\t\t\t<div class=\"col col-12\">\r\n\t\t\t\t\t<p class=\"form-001-privacy-policy-text\">\r\n\t\t\t\t\t\tAo enviar esta mensagem, voc\u00ea autoriza a coleta, armazenamento, uso, recep\u00e7\u00e3o, acesso, processamento e arquivamento dos dados pessoais nos termos da Pol\u00edtica de Privacidade e confirma que leu e concordou com os termos.\t\t\t\t\t<\/p>\r\n\t\t\t\t<\/div>\r\n\r\n\t\t\t\t<div class=\"col col-12\">\r\n\t\t\t\t\t<div class=\"form-001-buttons\">\r\n\t\t\t\t\t\t<input class=\"form-001--button\" type=\"submit\" id=\"form-contact-send\" name=\"\" value=\"Enviar mensagem\">\r\n\t\t\t\t\t<\/div>\r\n\t\t\t\t<\/div>\r\n\r\n\t\t\t<\/div>\r\n\r\n\t\t<\/form>\r\n\t<\/div>\r\n\r\n\r\n<\/section>\r\n\t\t<\/div>\n\t\t\t\t<\/div>\n\t\t\t\t\t<\/div>\n\t\t\t\t<\/div>\n\t\t\t\t<\/div>\n\t\t","protected":false},"excerpt":{"rendered":"<p>Tipo de negocia\u00e7\u00e3oVendasAluguelTemporada Tipo de im\u00f3velApartamentoCasaPor\u00e3oTerreno \/ Lote Ao enviar esta mensagem, voc\u00ea autoriza a coleta, armazenamento, uso, recep\u00e7\u00e3o, acesso, [&hellip;]<\/p>\n","protected":false},"author":1,"featured_media":0,"parent":0,"menu_order":0,"comment_status":"closed","ping_status":"closed","template":"","meta":{"footnotes":""},"class_list":["post-478","page","type-page","status-publish","hentry"],"acf":[],"_links":{"self":[{"href":"https:\/\/temas.imovepro.com.br\/04\/wp-json\/wp\/v2\/pages\/478","targetHints":{"allow":["GET"]}}],"collection":[{"href":"https:\/\/temas.imovepro.com.br\/04\/wp-json\/wp\/v2\/pages"}],"about":[{"href":"https:\/\/temas.imovepro.com.br\/04\/wp-json\/wp\/v2\/types\/page"}],"author":[{"embeddable":true,"href":"https:\/\/temas.imovepro.com.br\/04\/wp-json\/wp\/v2\/users\/1"}],"replies":[{"embeddable":true,"href":"https:\/\/temas.imovepro.com.br\/04\/wp-json\/wp\/v2\/comments?post=478"}],"version-history":[{"count":8,"href":"https:\/\/temas.imovepro.com.br\/04\/wp-json\/wp\/v2\/pages\/478\/revisions"}],"predecessor-version":[{"id":605,"href":"https:\/\/temas.imovepro.com.br\/04\/wp-json\/wp\/v2\/pages\/478\/revisions\/605"}],"wp:attachment":[{"href":"https:\/\/temas.imovepro.com.br\/04\/wp-json\/wp\/v2\/media?parent=478"}],"curies":[{"name":"wp","href":"https:\/\/api.w.org\/{rel}","templated":true}]}}